{"id":736,"date":"2022-02-15T16:49:11","date_gmt":"2022-02-15T15:49:11","guid":{"rendered":"https:\/\/finotextextile.com\/contacto\/"},"modified":"2022-03-17T09:53:16","modified_gmt":"2022-03-17T08:53:16","slug":"contacto","status":"publish","type":"page","link":"https:\/\/finotextextile.com\/es\/contacto\/","title":{"rendered":"Contacto"},"content":{"rendered":"\t\t<div data-elementor-type=\"wp-page\" data-elementor-id=\"736\" class=\"elementor elementor-736 elementor-15\" data-elementor-post-type=\"page\">\n\t\t\t\t\t\t<section class=\"elementor-section elementor-top-section elementor-element elementor-element-796c7bb elementor-section-boxed elementor-section-height-default elementor-section-height-default\" data-id=\"796c7bb\" data-element_type=\"section\">\n\t\t\t\t\t\t<div class=\"elementor-container elementor-column-gap-default\">\n\t\t\t\t\t<div class=\"elementor-column elementor-col-100 elementor-top-column elementor-element elementor-element-c19b271\" data-id=\"c19b271\" data-element_type=\"column\">\n\t\t\t<div class=\"elementor-widget-wrap elementor-element-populated\">\n\t\t\t\t\t\t<section class=\"elementor-section elementor-inner-section elementor-element elementor-element-0ad41c5 elementor-section-boxed elementor-section-height-default elementor-section-height-default\" data-id=\"0ad41c5\" data-element_type=\"section\">\n\t\t\t\t\t\t<div class=\"elementor-container elementor-column-gap-default\">\n\t\t\t\t\t<div class=\"elementor-column elementor-col-50 elementor-inner-column elementor-element elementor-element-bbbcb5d\" data-id=\"bbbcb5d\" data-element_type=\"column\">\n\t\t\t<div class=\"elementor-widget-wrap elementor-element-populated\">\n\t\t\t\t\t\t<div class=\"elementor-element elementor-element-264615e elementor-widget elementor-widget-text-editor\" data-id=\"264615e\" data-element_type=\"widget\" data-widget_type=\"text-editor.default\">\n\t\t\t\t<div class=\"elementor-widget-container\">\n\t\t\t\t\t\t\t\u00bfBusca un profesional de la fabricaci\u00f3n textil para producir tejidos t\u00e9cnicos o ropa de trabajo? \u00bfTiene una muestra de tejido y quiere saber el coste de su fabricaci\u00f3n, o busca un proveedor de cintas y rufles?\r\n\r\nP\u00f3ngase en contacto con la f\u00e1brica textil de Finotex en Marruecos, con sus conocimientos especializados en la producci\u00f3n de tejidos, y le responderemos lo antes posible.\t\t\t\t\t\t<\/div>\n\t\t\t\t<\/div>\n\t\t\t\t<div class=\"elementor-element elementor-element-58afb12 elementor-button-align-start elementor-widget elementor-widget-form\" data-id=\"58afb12\" data-element_type=\"widget\" data-settings=\"{&quot;button_width&quot;:&quot;20&quot;,&quot;step_next_label&quot;:&quot;Siguiente&quot;,&quot;step_previous_label&quot;:&quot;Anterior&quot;,&quot;step_type&quot;:&quot;number_text&quot;,&quot;step_icon_shape&quot;:&quot;circle&quot;}\" data-widget_type=\"form.default\">\n\t\t\t\t<div class=\"elementor-widget-container\">\n\t\t\t\t\t<form class=\"elementor-form\" method=\"post\" name=\"Nuevo formulario\">\n\t\t\t<input type=\"hidden\" name=\"post_id\" value=\"736\"\/>\n\t\t\t<input type=\"hidden\" name=\"form_id\" value=\"58afb12\"\/>\n\t\t\t<input type=\"hidden\" name=\"referer_title\" value=\"Finotex textile\" \/>\n\n\t\t\t\n\t\t\t<div class=\"elementor-form-fields-wrapper elementor-labels-\">\n\t\t\t\t\t\t\t\t<div class=\"elementor-field-type-text elementor-field-group elementor-column elementor-field-group-name elementor-col-50 elementor-field-required\">\n\t\t\t\t\t\t\t\t\t\t\t\t<label for=\"form-field-name\" class=\"elementor-field-label elementor-screen-only\">\n\t\t\t\t\t\t\t\tCompa\u00f1\u00eda \t\t\t\t\t\t\t<\/label>\n\t\t\t\t\t\t\t\t\t\t\t\t\t\t<input size=\"1\" type=\"text\" name=\"form_fields[name]\" id=\"form-field-name\" class=\"elementor-field elementor-size-sm  elementor-field-textual\" placeholder=\"Compa\u00f1\u00eda *\" required=\"required\" aria-required=\"true\">\n\t\t\t\t\t\t\t\t\t\t\t<\/div>\n\t\t\t\t\t\t\t\t<div class=\"elementor-field-type-text elementor-field-group elementor-column elementor-field-group-field_b89cecd elementor-col-50 elementor-field-required\">\n\t\t\t\t\t\t\t\t\t\t\t\t<label for=\"form-field-field_b89cecd\" class=\"elementor-field-label elementor-screen-only\">\n\t\t\t\t\t\t\t\tNombre \t\t\t\t\t\t\t<\/label>\n\t\t\t\t\t\t\t\t\t\t\t\t\t\t<input size=\"1\" type=\"text\" name=\"form_fields[field_b89cecd]\" id=\"form-field-field_b89cecd\" class=\"elementor-field elementor-size-sm  elementor-field-textual\" placeholder=\"Nombre *\" required=\"required\" aria-required=\"true\">\n\t\t\t\t\t\t\t\t\t\t\t<\/div>\n\t\t\t\t\t\t\t\t<div class=\"elementor-field-type-email elementor-field-group elementor-column elementor-field-group-email elementor-col-50 elementor-field-required\">\n\t\t\t\t\t\t\t\t\t\t\t\t<label for=\"form-field-email\" class=\"elementor-field-label elementor-screen-only\">\n\t\t\t\t\t\t\t\tcorreo electr\u00f3nico \t\t\t\t\t\t\t<\/label>\n\t\t\t\t\t\t\t\t\t\t\t\t\t\t<input size=\"1\" type=\"email\" name=\"form_fields[email]\" id=\"form-field-email\" class=\"elementor-field elementor-size-sm  elementor-field-textual\" placeholder=\"Correo electr\u00f3nico *\" required=\"required\" aria-required=\"true\">\n\t\t\t\t\t\t\t\t\t\t\t<\/div>\n\t\t\t\t\t\t\t\t<div class=\"elementor-field-type-tel elementor-field-group elementor-column elementor-field-group-field_bc20481 elementor-col-50 elementor-field-required\">\n\t\t\t\t\t\t\t\t\t\t\t\t<label for=\"form-field-field_bc20481\" class=\"elementor-field-label elementor-screen-only\">\n\t\t\t\t\t\t\t\tTel\u00e9fono \t\t\t\t\t\t\t<\/label>\n\t\t\t\t\t\t\t\t<input size=\"1\" type=\"tel\" name=\"form_fields[field_bc20481]\" id=\"form-field-field_bc20481\" class=\"elementor-field elementor-size-sm  elementor-field-textual\" placeholder=\"Tel\u00e9fono *\" required=\"required\" aria-required=\"true\" pattern=\"[0-9()#&amp;+*-=.]+\" title=\"Solo se aceptan n\u00fameros y caracteres de tel\u00e9fono (#,-,*,etc).\">\n\n\t\t\t\t\t\t<\/div>\n\t\t\t\t\t\t\t\t<div class=\"elementor-field-type-textarea elementor-field-group elementor-column elementor-field-group-message elementor-col-100 elementor-field-required\">\n\t\t\t\t\t\t\t\t\t\t\t\t<label for=\"form-field-message\" class=\"elementor-field-label elementor-screen-only\">\n\t\t\t\t\t\t\t\tMensaje \t\t\t\t\t\t\t<\/label>\n\t\t\t\t\t\t<textarea class=\"elementor-field-textual elementor-field  elementor-size-sm\" name=\"form_fields[message]\" id=\"form-field-message\" rows=\"6\" placeholder=\"Mensaje *\" required=\"required\" aria-required=\"true\"><\/textarea>\t\t\t\t<\/div>\n\t\t\t\t\t\t\t\t<div class=\"elementor-field-group elementor-column elementor-field-type-submit elementor-col-20 e-form__buttons\">\n\t\t\t\t\t<button class=\"elementor-button elementor-size-sm\" type=\"submit\">\n\t\t\t\t\t\t<span class=\"elementor-button-content-wrapper\">\n\t\t\t\t\t\t\t\t\t\t\t\t\t\t\t\t\t\t\t\t\t\t<span class=\"elementor-button-text\">Envoi<\/span>\n\t\t\t\t\t\t\t\t\t\t\t\t\t<\/span>\n\t\t\t\t\t<\/button>\n\t\t\t\t<\/div>\n\t\t\t<\/div>\n\t\t<\/form>\n\t\t\t\t<\/div>\n\t\t\t\t<\/div>\n\t\t\t\t\t<\/div>\n\t\t<\/div>\n\t\t\t\t<div class=\"elementor-column elementor-col-50 elementor-inner-column elementor-element elementor-element-8fb3d29\" data-id=\"8fb3d29\" data-element_type=\"column\">\n\t\t\t<div class=\"elementor-widget-wrap elementor-element-populated\">\n\t\t\t\t\t\t<div class=\"elementor-element elementor-element-f2e3f83 elementor-widget elementor-widget-text-editor\" data-id=\"f2e3f83\" data-element_type=\"widget\" data-widget_type=\"text-editor.default\">\n\t\t\t\t<div class=\"elementor-widget-container\">\n\t\t\t\t\t\t\tZone Industrielle route de T\u00e9touan\r\nAll\u00e9e 1, Lote 13, 90000 T\u00e1nger &#8211; Marruecos\r\n\r\nTel: +212 (0)5 39 35 11 31\r\n+212 (0)5 39 35 01 87\r\nFax : +212 (0)5 39 35 11 33\r\nCorreo electr\u00f3nico: info@finotextextile.com\t\t\t\t\t\t<\/div>\n\t\t\t\t<\/div>\n\t\t\t\t\t<\/div>\n\t\t<\/div>\n\t\t\t\t\t<\/div>\n\t\t<\/section>\n\t\t\t\t\t<\/div>\n\t\t<\/div>\n\t\t\t\t\t<\/div>\n\t\t<\/section>\n\t\t\t\t<\/div>\n\t\t","protected":false},"excerpt":{"rendered":"<p>\u00bfBusca un profesional de la fabricaci\u00f3n textil para producir tejidos t\u00e9cnicos o ropa de trabajo? \u00bfTiene una muestra de tejido y quiere saber el coste de su fabricaci\u00f3n, o busca un proveedor de cintas y rufles? P\u00f3ngase en contacto con la f\u00e1brica textil de Finotex en Marruecos, con sus conocimientos especializados en la producci\u00f3n de [&hellip;]<\/p>\n","protected":false},"author":1,"featured_media":411,"parent":0,"menu_order":0,"comment_status":"closed","ping_status":"closed","template":"","meta":{"_acf_changed":false,"footnotes":""},"class_list":["post-736","page","type-page","status-publish","has-post-thumbnail","hentry"],"acf":[],"yoast_head":"<!-- This site is optimized with the Yoast SEO plugin v23.9 - https:\/\/yoast.com\/wordpress\/plugins\/seo\/ -->\n<title>Producci\u00f3n de tejidos - f\u00e1brica textil en Marruecos - Contactar con Finotex<\/title>\n<meta name=\"description\" content=\"\u00bfBusca una f\u00e1brica de producci\u00f3n de tejidos? \u00bfUna f\u00e1brica textil en Marruecos para tejidos t\u00e9cnicos? Contactar con Finotex\" \/>\n<meta name=\"robots\" content=\"index, follow, max-snippet:-1, max-image-preview:large, max-video-preview:-1\" \/>\n<link rel=\"canonical\" href=\"https:\/\/finotextextile.com\/contact\/\" \/>\n<meta property=\"og:locale\" content=\"es_ES\" \/>\n<meta property=\"og:type\" content=\"article\" \/>\n<meta property=\"og:title\" content=\"Producci\u00f3n de tejidos - f\u00e1brica textil en Marruecos - Contactar con Finotex\" \/>\n<meta property=\"og:description\" content=\"\u00bfBusca una f\u00e1brica de producci\u00f3n de tejidos? \u00bfUna f\u00e1brica textil en Marruecos para tejidos t\u00e9cnicos? Contactar con Finotex\" \/>\n<meta property=\"og:url\" content=\"https:\/\/finotextextile.com\/contact\/\" \/>\n<meta property=\"og:site_name\" content=\"Finotex textile\" \/>\n<meta property=\"article:modified_time\" content=\"2022-03-17T08:53:16+00:00\" \/>\n<meta property=\"og:image\" content=\"https:\/\/finotextextile.com\/wp-content\/uploads\/2022\/02\/finotex-usine.jpeg\" \/>\n\t<meta property=\"og:image:width\" content=\"1920\" \/>\n\t<meta property=\"og:image:height\" content=\"600\" \/>\n\t<meta property=\"og:image:type\" content=\"image\/jpeg\" \/>\n<meta name=\"twitter:card\" content=\"summary_large_image\" \/>\n<script type=\"application\/ld+json\" class=\"yoast-schema-graph\">{\"@context\":\"https:\/\/schema.org\",\"@graph\":[{\"@type\":\"WebPage\",\"@id\":\"https:\/\/finotextextile.com\/contact\/\",\"url\":\"https:\/\/finotextextile.com\/contact\/\",\"name\":\"Producci\u00f3n de tejidos - f\u00e1brica textil en Marruecos - Contactar con Finotex\",\"isPartOf\":{\"@id\":\"https:\/\/finotextextile.com\/#website\"},\"primaryImageOfPage\":{\"@id\":\"https:\/\/finotextextile.com\/contact\/#primaryimage\"},\"image\":{\"@id\":\"https:\/\/finotextextile.com\/contact\/#primaryimage\"},\"thumbnailUrl\":\"https:\/\/finotextextile.com\/wp-content\/uploads\/2022\/02\/finotex-usine.jpeg\",\"datePublished\":\"2022-02-15T15:49:11+00:00\",\"dateModified\":\"2022-03-17T08:53:16+00:00\",\"description\":\"\u00bfBusca una f\u00e1brica de producci\u00f3n de tejidos? \u00bfUna f\u00e1brica textil en Marruecos para tejidos t\u00e9cnicos? Contactar con Finotex\",\"breadcrumb\":{\"@id\":\"https:\/\/finotextextile.com\/contact\/#breadcrumb\"},\"inLanguage\":\"es\",\"potentialAction\":[{\"@type\":\"ReadAction\",\"target\":[\"https:\/\/finotextextile.com\/contact\/\"]}]},{\"@type\":\"ImageObject\",\"inLanguage\":\"es\",\"@id\":\"https:\/\/finotextextile.com\/contact\/#primaryimage\",\"url\":\"https:\/\/finotextextile.com\/wp-content\/uploads\/2022\/02\/finotex-usine.jpeg\",\"contentUrl\":\"https:\/\/finotextextile.com\/wp-content\/uploads\/2022\/02\/finotex-usine.jpeg\",\"width\":1920,\"height\":600,\"caption\":\"finotex usine\"},{\"@type\":\"BreadcrumbList\",\"@id\":\"https:\/\/finotextextile.com\/contact\/#breadcrumb\",\"itemListElement\":[{\"@type\":\"ListItem\",\"position\":1,\"name\":\"Accueil\",\"item\":\"https:\/\/finotextextile.com\/\"},{\"@type\":\"ListItem\",\"position\":2,\"name\":\"Contacto\"}]},{\"@type\":\"WebSite\",\"@id\":\"https:\/\/finotextextile.com\/#website\",\"url\":\"https:\/\/finotextextile.com\/\",\"name\":\"Finotex textile\",\"description\":\"Tissus synth\u00e9tiques Maroc - Usine de fabrication textile - Tissus techniques\",\"publisher\":{\"@id\":\"https:\/\/finotextextile.com\/#organization\"},\"potentialAction\":[{\"@type\":\"SearchAction\",\"target\":{\"@type\":\"EntryPoint\",\"urlTemplate\":\"https:\/\/finotextextile.com\/?s={search_term_string}\"},\"query-input\":{\"@type\":\"PropertyValueSpecification\",\"valueRequired\":true,\"valueName\":\"search_term_string\"}}],\"inLanguage\":\"es\"},{\"@type\":\"Organization\",\"@id\":\"https:\/\/finotextextile.com\/#organization\",\"name\":\"Finotex textile\",\"url\":\"https:\/\/finotextextile.com\/\",\"logo\":{\"@type\":\"ImageObject\",\"inLanguage\":\"es\",\"@id\":\"https:\/\/finotextextile.com\/#\/schema\/logo\/image\/\",\"url\":\"https:\/\/finotextextile.com\/wp-content\/uploads\/2022\/02\/Logo_Finotex.png\",\"contentUrl\":\"https:\/\/finotextextile.com\/wp-content\/uploads\/2022\/02\/Logo_Finotex.png\",\"width\":500,\"height\":246,\"caption\":\"Finotex textile\"},\"image\":{\"@id\":\"https:\/\/finotextextile.com\/#\/schema\/logo\/image\/\"}}]}<\/script>\n<!-- \/ Yoast SEO plugin. -->","yoast_head_json":{"title":"Producci\u00f3n de tejidos - f\u00e1brica textil en Marruecos - Contactar con Finotex","description":"\u00bfBusca una f\u00e1brica de producci\u00f3n de tejidos? \u00bfUna f\u00e1brica textil en Marruecos para tejidos t\u00e9cnicos? Contactar con Finotex","robots":{"index":"index","follow":"follow","max-snippet":"max-snippet:-1","max-image-preview":"max-image-preview:large","max-video-preview":"max-video-preview:-1"},"canonical":"https:\/\/finotextextile.com\/contact\/","og_locale":"es_ES","og_type":"article","og_title":"Producci\u00f3n de tejidos - f\u00e1brica textil en Marruecos - Contactar con Finotex","og_description":"\u00bfBusca una f\u00e1brica de producci\u00f3n de tejidos? \u00bfUna f\u00e1brica textil en Marruecos para tejidos t\u00e9cnicos? Contactar con Finotex","og_url":"https:\/\/finotextextile.com\/contact\/","og_site_name":"Finotex textile","article_modified_time":"2022-03-17T08:53:16+00:00","og_image":[{"width":1920,"height":600,"url":"https:\/\/finotextextile.com\/wp-content\/uploads\/2022\/02\/finotex-usine.jpeg","type":"image\/jpeg"}],"twitter_card":"summary_large_image","schema":{"@context":"https:\/\/schema.org","@graph":[{"@type":"WebPage","@id":"https:\/\/finotextextile.com\/contact\/","url":"https:\/\/finotextextile.com\/contact\/","name":"Producci\u00f3n de tejidos - f\u00e1brica textil en Marruecos - Contactar con Finotex","isPartOf":{"@id":"https:\/\/finotextextile.com\/#website"},"primaryImageOfPage":{"@id":"https:\/\/finotextextile.com\/contact\/#primaryimage"},"image":{"@id":"https:\/\/finotextextile.com\/contact\/#primaryimage"},"thumbnailUrl":"https:\/\/finotextextile.com\/wp-content\/uploads\/2022\/02\/finotex-usine.jpeg","datePublished":"2022-02-15T15:49:11+00:00","dateModified":"2022-03-17T08:53:16+00:00","description":"\u00bfBusca una f\u00e1brica de producci\u00f3n de tejidos? \u00bfUna f\u00e1brica textil en Marruecos para tejidos t\u00e9cnicos? Contactar con Finotex","breadcrumb":{"@id":"https:\/\/finotextextile.com\/contact\/#breadcrumb"},"inLanguage":"es","potentialAction":[{"@type":"ReadAction","target":["https:\/\/finotextextile.com\/contact\/"]}]},{"@type":"ImageObject","inLanguage":"es","@id":"https:\/\/finotextextile.com\/contact\/#primaryimage","url":"https:\/\/finotextextile.com\/wp-content\/uploads\/2022\/02\/finotex-usine.jpeg","contentUrl":"https:\/\/finotextextile.com\/wp-content\/uploads\/2022\/02\/finotex-usine.jpeg","width":1920,"height":600,"caption":"finotex usine"},{"@type":"BreadcrumbList","@id":"https:\/\/finotextextile.com\/contact\/#breadcrumb","itemListElement":[{"@type":"ListItem","position":1,"name":"Accueil","item":"https:\/\/finotextextile.com\/"},{"@type":"ListItem","position":2,"name":"Contacto"}]},{"@type":"WebSite","@id":"https:\/\/finotextextile.com\/#website","url":"https:\/\/finotextextile.com\/","name":"Finotex textile","description":"Tissus synth\u00e9tiques Maroc - Usine de fabrication textile - Tissus techniques","publisher":{"@id":"https:\/\/finotextextile.com\/#organization"},"potentialAction":[{"@type":"SearchAction","target":{"@type":"EntryPoint","urlTemplate":"https:\/\/finotextextile.com\/?s={search_term_string}"},"query-input":{"@type":"PropertyValueSpecification","valueRequired":true,"valueName":"search_term_string"}}],"inLanguage":"es"},{"@type":"Organization","@id":"https:\/\/finotextextile.com\/#organization","name":"Finotex textile","url":"https:\/\/finotextextile.com\/","logo":{"@type":"ImageObject","inLanguage":"es","@id":"https:\/\/finotextextile.com\/#\/schema\/logo\/image\/","url":"https:\/\/finotextextile.com\/wp-content\/uploads\/2022\/02\/Logo_Finotex.png","contentUrl":"https:\/\/finotextextile.com\/wp-content\/uploads\/2022\/02\/Logo_Finotex.png","width":500,"height":246,"caption":"Finotex textile"},"image":{"@id":"https:\/\/finotextextile.com\/#\/schema\/logo\/image\/"}}]}},"_links":{"self":[{"href":"https:\/\/finotextextile.com\/es\/wp-json\/wp\/v2\/pages\/736","targetHints":{"allow":["GET"]}}],"collection":[{"href":"https:\/\/finotextextile.com\/es\/wp-json\/wp\/v2\/pages"}],"about":[{"href":"https:\/\/finotextextile.com\/es\/wp-json\/wp\/v2\/types\/page"}],"author":[{"embeddable":true,"href":"https:\/\/finotextextile.com\/es\/wp-json\/wp\/v2\/users\/1"}],"replies":[{"embeddable":true,"href":"https:\/\/finotextextile.com\/es\/wp-json\/wp\/v2\/comments?post=736"}],"version-history":[{"count":1,"href":"https:\/\/finotextextile.com\/es\/wp-json\/wp\/v2\/pages\/736\/revisions"}],"predecessor-version":[{"id":737,"href":"https:\/\/finotextextile.com\/es\/wp-json\/wp\/v2\/pages\/736\/revisions\/737"}],"wp:featuredmedia":[{"embeddable":true,"href":"https:\/\/finotextextile.com\/es\/wp-json\/wp\/v2\/media\/411"}],"wp:attachment":[{"href":"https:\/\/finotextextile.com\/es\/wp-json\/wp\/v2\/media?parent=736"}],"curies":[{"name":"wp","href":"https:\/\/api.w.org\/{rel}","templated":true}]}}